{"id":1330,"date":"2020-02-29T08:29:36","date_gmt":"2020-02-29T08:29:36","guid":{"rendered":"http:\/\/arrobaganaderia.com\/politique-de-cookies\/"},"modified":"2020-02-29T08:29:38","modified_gmt":"2020-02-29T08:29:38","slug":"politique-de-cookies","status":"publish","type":"page","link":"https:\/\/arrobaganaderia.com\/fr\/politique-de-cookies\/","title":{"rendered":"Politique de cookies"},"content":{"rendered":"\t\t<div data-elementor-type=\"wp-page\" data-elementor-id=\"1330\" class=\"elementor elementor-1330 elementor-705\" data-elementor-post-type=\"page\">\n\t\t\t\t\t\t<section class=\"elementor-section elementor-top-section elementor-element elementor-element-73a87cc elementor-section-boxed elementor-section-height-default elementor-section-height-default\" data-id=\"73a87cc\" data-element_type=\"section\">\n\t\t\t\t\t\t<div class=\"elementor-container elementor-column-gap-default\">\n\t\t\t\t\t<div class=\"elementor-column elementor-col-100 elementor-top-column elementor-element elementor-element-5a059e1\" data-id=\"5a059e1\" data-element_type=\"column\">\n\t\t\t<div class=\"elementor-widget-wrap elementor-element-populated\">\n\t\t\t\t\t\t<div class=\"elementor-element elementor-element-99115ce elementor-widget elementor-widget-text-editor\" data-id=\"99115ce\" data-element_type=\"widget\" data-widget_type=\"text-editor.default\">\n\t\t\t\t<div class=\"elementor-widget-container\">\n\t\t\t\t\t\t\t\t\t<p style=\"text-align: center;\">POLITIQUE DE COOKIES<\/p>\n\t\t\t\t\t\t\t\t<\/div>\n\t\t\t\t<\/div>\n\t\t\t\t\t<\/div>\n\t\t<\/div>\n\t\t\t\t\t<\/div>\n\t\t<\/section>\n\t\t\t\t<section class=\"elementor-section elementor-top-section elementor-element elementor-element-4d05e3f elementor-section-boxed elementor-section-height-default elementor-section-height-default\" data-id=\"4d05e3f\" data-element_type=\"section\">\n\t\t\t\t\t\t<div class=\"elementor-container elementor-column-gap-default\">\n\t\t\t\t\t<div class=\"elementor-column elementor-col-100 elementor-top-column elementor-element elementor-element-183404ee\" data-id=\"183404ee\" data-element_type=\"column\">\n\t\t\t<div class=\"elementor-widget-wrap elementor-element-populated\">\n\t\t\t\t\t\t<div class=\"elementor-element elementor-element-7f4c3848 elementor-widget elementor-widget-text-editor\" data-id=\"7f4c3848\" data-element_type=\"widget\" data-widget_type=\"text-editor.default\">\n\t\t\t\t<div class=\"elementor-widget-container\">\n\t\t\t\t\t\t\t\t\t<p>Ce site, comme la plupart des sites Internet, utilise ses propres cookies et ceux de tiers pour am\u00e9liorer l&#8217;utilisation des utilisateurs. Ce site, comme la plupart des sites Internet, utilise ses propres cookies et ceux de tiers pour am\u00e9liorer l&#8217;utilisation des utilisateurs.<\/p>\n<h1><span style=\"color: #333333;\">QUE SONT LES COOKIES?<\/span><\/h1>\n<p>Les cookies sont de petits fichiers que certaines pages Web peuvent installer sur votre ordinateur, smartphone, tablette ou appareil \u00e9lectronique lorsque vous les visitez. Les cookies sont de petits fichiers que certaines pages Web peuvent installer sur votre ordinateur, smartphone, tablette ou appareil \u00e9lectronique lorsque vous les visitez. Parfois, les cookies sont utilis\u00e9s pour stocker des informations de base sur les habitudes de navigation de l&#8217;utilisateur ou de son \u00e9quipe, au point, selon les cas, de pouvoir les reconna\u00eetre.<\/p>\n<h1>POURQUOI SONT-ILS UTILES?<\/h1>\n<p>L&#8217;utilit\u00e9 des cookies couvre plusieurs aspects de la navigation. Du point de vue d&#8217;un utilisateur, ils permettent aux pages Web de fonctionner plus agiles et adapt\u00e9es \u00e0 leurs pr\u00e9f\u00e9rences, telles que le stockage de la langue ou de la devise de leur pays. Du point de vue des responsables du site, il les aide \u00e0 am\u00e9liorer les services qu&#8217;ils proposent, gr\u00e2ce aux informations statistiques qu&#8217;ils collectent \u00e0 travers eux.<\/p>\n<h1>TYPES DE COOKIES<\/h1>\n<p>Il existe plusieurs types de cookies, et chacun d&#8217;eux peut avoir une fonctionnalit\u00e9 sp\u00e9cifique ou multiple. Notre page installe principalement les types sp\u00e9cifi\u00e9s ci-dessous, bien qu&#8217;il existe d&#8217;autres types.<\/p>\n<h3>COOKIES D&#8217;AM\u00c9LIORATION DES PERFORMANCES &#8230;<\/h3>\n<p>Ce type de cookies enregistre vos pr\u00e9f\u00e9rences afin de ne pas les reconfigurer lors d&#8217;une prochaine visite. Pour donner un exemple concret, dans le commerce \u00e9lectronique, ils vous permettent de conserver des informations sur votre panier.<\/p>\n<h3>COOKIES D&#8217;ANALYSE STATISTIQUE &#8230;<\/h3>\n<p>Sont ceux qui, qu&#8217;ils soient trait\u00e9s par nous ou par des tiers, permettent de quantifier le nombre de visiteurs et d&#8217;analyser statistiquement l&#8217;utilisation faite par les utilisateurs de nos services. Gr\u00e2ce \u00e0 cela, nous pouvons \u00e9tudier la navigation sur notre site Web et am\u00e9liorer les services que nous proposons.<\/p>\n<h3>COOKIES DE G\u00c9OLOCALISATION &#8230;<\/h3>\n<p>Ces cookies sont utilis\u00e9s par des programmes qui tentent de localiser g\u00e9ographiquement la situation de l&#8217;ordinateur, du smartphone, de la tablette ou de l&#8217;appareil qui se connecte au Web afin que, de mani\u00e8re totalement anonyme, des contenus et des services plus adapt\u00e9s au territoire puissent \u00eatre propos\u00e9s.<\/p>\n<h3>COOKIES D&#8217;INSCRIPTION &#8230;<\/h3>\n<p>Lorsqu&#8217;un visiteur s&#8217;inscrit sur notre portail, des cookies sont g\u00e9n\u00e9r\u00e9s qui l&#8217;identifient en tant qu&#8217;utilisateur enregistr\u00e9 lors de la m\u00eame visite. Ces cookies sont conserv\u00e9s tant que vous ne quittez pas le compte, fermez le navigateur ou \u00e9teignez l&#8217;appareil, et ils peuvent \u00e9galement \u00eatre utilis\u00e9s en combinaison avec des donn\u00e9es analytiques pour identifier individuellement vos pr\u00e9f\u00e9rences sur notre portail.<\/p>\n<h3>COOKIES PUBLICITAIRES &#8230;<\/h3>\n<p>Ce sont ceux qui, qu&#8217;ils soient trait\u00e9s par nous ou par des tiers, nous permettent de g\u00e9rer efficacement les espaces publicitaires de notre site Web, en adaptant le contenu de la publicit\u00e9 au contenu du service demand\u00e9 ou \u00e0 l&#8217;utilisation que vous faites de notre site Web. Gr\u00e2ce \u00e0 lui, vous pouvez en apprendre davantage sur les habitudes de navigation sur Internet et afficher des publicit\u00e9s li\u00e9es \u00e0 votre profil de navigation.<\/p>\n<h3>AUTRES COOKIES TIERS &#8230;<\/h3>\n<p>Dans certaines de nos pages, vous pouvez installer des cookies tiers qui vous permettent de g\u00e9rer et d&#8217;am\u00e9liorer les services qu&#8217;ils proposent. Un exemple de cette utilisation sont les liens vers les r\u00e9seaux sociaux qui nous permettent de partager notre contenu. Un autre exemple fait r\u00e9f\u00e9rence \u00e0 Google Analytics, qui les utilise pour compter le nombre de personnes visitant nos pages Web.<\/p>\n<h1>PUIS-JE CONFIGURER MES PR\u00c9F\u00c9RENCES?<\/h1>\n<p>Il est possible d&#8217;autoriser, bloquer ou supprimer les cookies install\u00e9s sur votre ordinateur en configurant les options de votre navigateur internet. S&#8217;ils sont bloqu\u00e9s, certains services qui doivent \u00eatre utilis\u00e9s peuvent ne pas \u00eatre disponibles ou ne pas fonctionner correctement.<br \/>Parce que chaque navigateur a ses caract\u00e9ristiques en mati\u00e8re de gestion des cookies, nous vous proposons ci-dessous les liens vers les principaux navigateurs o\u00f9 vous trouverez ces sp\u00e9cifications:<\/p>\n<ul>\n<li><b><a href=\"http:\/\/support.google.com\/chrome\/bin\/answer.py?hl=es&amp;answer=95647\" target=\"_blank\" rel=\"noopener\">Google Chrome<\/a><\/b> = http:\/\/support.google.com\/chrome\/bin\/answer.py?hl=es&amp;answer=95647<\/li>\n<li><b><a href=\"http:\/\/support.mozilla.org\/es\/kb\/cookies-informacion-que-los-sitios-web-guardan-en-?redirectlocale=en-US&amp;redirectslug=Cookies\" target=\"_blank\" rel=\"noopener\">Mozilla Firefox<\/a><\/b> = http:\/\/support.mozilla.org\/es\/kb\/cookies-informacion-que-los-sitios-web-guardan-en-?redirectlocale=en-US&amp;redirectslug=Cookies<\/li>\n<li><b><a href=\"http:\/\/support.microsoft.com\/kb\/196955\/es\" target=\"_blank\" rel=\"noopener\">Internet Explorer<\/a><\/b> = <a href=\"http:\/\/support.microsoft.com\/kb\/196955\/es\">http:\/\/support.microsoft.com\/kb\/196955\/es<\/a><\/li>\n<li><b><a href=\"http:\/\/www.maxthon.es\/caracteristicas.html\">Maxthon<\/a><\/b> = http:\/\/www.maxthon.es\/caracteristicas.html<\/li>\n<li><b><a href=\"http:\/\/www.lavanguardia.com\/cookiesSafari.html\" target=\"_blank\" rel=\"noopener\">Safari<\/a><\/b> = http:\/\/www.lavanguardia.com\/cookiesSafari.html<\/li>\n<li><b><a href=\"http:\/\/support.apple.com\/kb\/HT1677?viewlocale=es_ES\" target=\"_blank\" rel=\"noopener\">Safari para IOS (iPhone, iPad)<\/a><\/b> = http:\/\/support.apple.com\/kb\/HT1677?viewlocale=es_ES<\/li>\n<li><b><a href=\"http:\/\/www.macromedia.com\/support\/documentation\/es\/flashplayer\/help\/settings_manager07.html\" target=\"_blank\" rel=\"noopener\">Cookies Flash<\/a><\/b> = http:\/\/www.macromedia.com\/support\/documentation\/es\/flashplayer\/help\/settings_manager07.html<\/li>\n<\/ul>\n<h1>J&#8217;ai besoin de plus d&#8217;informations<\/h1>\n<p>Pour plus d&#8217;informations sur les cookies, y compris comment voir quels cookies ont \u00e9t\u00e9 install\u00e9s sur votre appareil et comment les g\u00e9rer ou les supprimer, visitez <a href=\"http:\/\/www.allaboutcookies.org\/\">www.allaboutcookies.org<\/a>, <a href=\"http:\/\/www.youronlinechoices.eu\/\">www.youronlinechoices.eu<\/a>, <a href=\"http:\/\/www.youronlinechoices.com\/es\/\" target=\"_blank\" rel=\"noopener\">www.youronlinechoices.com<\/a> o\u00f9, en plus de trouver des informations utiles, vous pouvez consulter et configurer, fournisseur par fournisseur, vos pr\u00e9f\u00e9rences en mati\u00e8re de cookies publicitaires tiers.<\/p>\n<h1>METTONS-NOUS \u00c0 JOUR NOTRE POLITIQUE DE COOKIES?<\/h1>\n<p>Nous pouvons mettre \u00e0 jour la politique de cookies de notre site Web, nous vous recommandons donc de revoir cette politique \u00e0 chaque fois que vous nous visitez afin d&#8217;\u00eatre correctement inform\u00e9 sur la fa\u00e7on et la raison pour laquelle nous utilisons les cookies. La politique de cookies a \u00e9t\u00e9 mise \u00e0 jour pour la derni\u00e8re fois le 9 janvier 2014.<\/p>\n<p>Si vous souhaitez nous contacter concernant notre politique de cookies, vous pouvez le faire sans probl\u00e8me.<\/p>\n<p>ARROBA GANADERIA SL (\u00e0 laquelle appartient arrobaganaderia.com) n&#8217;est pas responsable du contenu, de la correspondance et de la v\u00e9racit\u00e9 des politiques de confidentialit\u00e9 de tiers, y compris dans cette politique de cookies.<\/p>\n\t\t\t\t\t\t\t\t<\/div>\n\t\t\t\t<\/div>\n\t\t\t\t\t<\/div>\n\t\t<\/div>\n\t\t\t\t\t<\/div>\n\t\t<\/section>\n\t\t\t\t<\/div>\n\t\t","protected":false},"excerpt":{"rendered":"<p>POLITIQUE DE COOKIES Ce site, comme la plupart des sites Internet, utilise ses propres cookies et ceux de tiers pour am\u00e9liorer l&#8217;utilisation des utilisateurs. Ce site, comme la plupart des sites Internet, utilise ses propres cookies et ceux de tiers pour am\u00e9liorer l&#8217;utilisation des utilisateurs. QUE SONT LES COOKIES? Les cookies sont de petits fichiers [&hellip;]<\/p>\n","protected":false},"author":1,"featured_media":0,"parent":0,"menu_order":0,"comment_status":"closed","ping_status":"closed","template":"","meta":{"ocean_post_layout":"","ocean_both_sidebars_style":"","ocean_both_sidebars_content_width":0,"ocean_both_sidebars_sidebars_width":0,"ocean_sidebar":"","ocean_second_sidebar":"","ocean_disable_margins":"enable","ocean_add_body_class":"","ocean_shortcode_before_top_bar":"","ocean_shortcode_after_top_bar":"","ocean_shortcode_before_header":"","ocean_shortcode_after_header":"","ocean_has_shortcode":"","ocean_shortcode_after_title":"","ocean_shortcode_before_footer_widgets":"","ocean_shortcode_after_footer_widgets":"","ocean_shortcode_before_footer_bottom":"","ocean_shortcode_after_footer_bottom":"","ocean_display_top_bar":"default","ocean_display_header":"default","ocean_header_style":"","ocean_center_header_left_menu":"","ocean_custom_header_template":"","ocean_custom_logo":0,"ocean_custom_retina_logo":0,"ocean_custom_logo_max_width":0,"ocean_custom_logo_tablet_max_width":0,"ocean_custom_logo_mobile_max_width":0,"ocean_custom_logo_max_height":0,"ocean_custom_logo_tablet_max_height":0,"ocean_custom_logo_mobile_max_height":0,"ocean_header_custom_menu":"","ocean_menu_typo_font_family":"","ocean_menu_typo_font_subset":"","ocean_menu_typo_font_size":0,"ocean_menu_typo_font_size_tablet":0,"ocean_menu_typo_font_size_mobile":0,"ocean_menu_typo_font_size_unit":"px","ocean_menu_typo_font_weight":"","ocean_menu_typo_font_weight_tablet":"","ocean_menu_typo_font_weight_mobile":"","ocean_menu_typo_transform":"","ocean_menu_typo_transform_tablet":"","ocean_menu_typo_transform_mobile":"","ocean_menu_typo_line_height":0,"ocean_menu_typo_line_height_tablet":0,"ocean_menu_typo_line_height_mobile":0,"ocean_menu_typo_line_height_unit":"","ocean_menu_typo_spacing":0,"ocean_menu_typo_spacing_tablet":0,"ocean_menu_typo_spacing_mobile":0,"ocean_menu_typo_spacing_unit":"","ocean_menu_link_color":"","ocean_menu_link_color_hover":"","ocean_menu_link_color_active":"","ocean_menu_link_background":"","ocean_menu_link_hover_background":"","ocean_menu_link_active_background":"","ocean_menu_social_links_bg":"","ocean_menu_social_hover_links_bg":"","ocean_menu_social_links_color":"","ocean_menu_social_hover_links_color":"","ocean_disable_title":"default","ocean_disable_heading":"default","ocean_post_title":"","ocean_post_subheading":"","ocean_post_title_style":"","ocean_post_title_background_color":"","ocean_post_title_background":0,"ocean_post_title_bg_image_position":"","ocean_post_title_bg_image_attachment":"","ocean_post_title_bg_image_repeat":"","ocean_post_title_bg_image_size":"","ocean_post_title_height":0,"ocean_post_title_bg_overlay":0.5,"ocean_post_title_bg_overlay_color":"","ocean_disable_breadcrumbs":"default","ocean_breadcrumbs_color":"","ocean_breadcrumbs_separator_color":"","ocean_breadcrumbs_links_color":"","ocean_breadcrumbs_links_hover_color":"","ocean_display_footer_widgets":"default","ocean_display_footer_bottom":"default","ocean_custom_footer_template":"","footnotes":""},"class_list":["post-1330","page","type-page","status-publish","hentry","entry"],"aioseo_notices":[],"_links":{"self":[{"href":"https:\/\/arrobaganaderia.com\/fr\/wp-json\/wp\/v2\/pages\/1330","targetHints":{"allow":["GET"]}}],"collection":[{"href":"https:\/\/arrobaganaderia.com\/fr\/wp-json\/wp\/v2\/pages"}],"about":[{"href":"https:\/\/arrobaganaderia.com\/fr\/wp-json\/wp\/v2\/types\/page"}],"author":[{"embeddable":true,"href":"https:\/\/arrobaganaderia.com\/fr\/wp-json\/wp\/v2\/users\/1"}],"replies":[{"embeddable":true,"href":"https:\/\/arrobaganaderia.com\/fr\/wp-json\/wp\/v2\/comments?post=1330"}],"version-history":[{"count":5,"href":"https:\/\/arrobaganaderia.com\/fr\/wp-json\/wp\/v2\/pages\/1330\/revisions"}],"predecessor-version":[{"id":1335,"href":"https:\/\/arrobaganaderia.com\/fr\/wp-json\/wp\/v2\/pages\/1330\/revisions\/1335"}],"wp:attachment":[{"href":"https:\/\/arrobaganaderia.com\/fr\/wp-json\/wp\/v2\/media?parent=1330"}],"curies":[{"name":"wp","href":"https:\/\/api.w.org\/{rel}","templated":true}]}}