{"id":1327,"date":"2020-02-29T08:24:46","date_gmt":"2020-02-29T08:24:46","guid":{"rendered":"http:\/\/arrobaganaderia.com\/avis-juridique\/"},"modified":"2020-02-29T08:24:48","modified_gmt":"2020-02-29T08:24:48","slug":"avis-juridique","status":"publish","type":"page","link":"https:\/\/arrobaganaderia.com\/fr\/avis-juridique\/","title":{"rendered":"Avis juridique"},"content":{"rendered":"\t\t<div data-elementor-type=\"wp-page\" data-elementor-id=\"1327\" class=\"elementor elementor-1327 elementor-711\" data-elementor-post-type=\"page\">\n\t\t\t\t\t\t<section class=\"elementor-section elementor-top-section elementor-element elementor-element-bac8e3b elementor-section-boxed elementor-section-height-default elementor-section-height-default\" data-id=\"bac8e3b\" data-element_type=\"section\">\n\t\t\t\t\t\t<div class=\"elementor-container elementor-column-gap-default\">\n\t\t\t\t\t<div class=\"elementor-column elementor-col-100 elementor-top-column elementor-element elementor-element-1d28a30\" data-id=\"1d28a30\" data-element_type=\"column\">\n\t\t\t<div class=\"elementor-widget-wrap elementor-element-populated\">\n\t\t\t\t\t\t<div class=\"elementor-element elementor-element-a569b40 elementor-widget elementor-widget-text-editor\" data-id=\"a569b40\" data-element_type=\"widget\" data-widget_type=\"text-editor.default\">\n\t\t\t\t<div class=\"elementor-widget-container\">\n\t\t\t\t\t\t\t\t\t<p>AVIS JURIDIQUE<\/p>\n\t\t\t\t\t\t\t\t<\/div>\n\t\t\t\t<\/div>\n\t\t\t\t\t<\/div>\n\t\t<\/div>\n\t\t\t\t\t<\/div>\n\t\t<\/section>\n\t\t\t\t<section class=\"elementor-section elementor-top-section elementor-element elementor-element-93c5e0c elementor-section-boxed elementor-section-height-default elementor-section-height-default\" data-id=\"93c5e0c\" data-element_type=\"section\">\n\t\t\t\t\t\t<div class=\"elementor-container elementor-column-gap-default\">\n\t\t\t\t\t<div class=\"elementor-column elementor-col-100 elementor-top-column elementor-element elementor-element-d60e667\" data-id=\"d60e667\" data-element_type=\"column\">\n\t\t\t<div class=\"elementor-widget-wrap elementor-element-populated\">\n\t\t\t\t\t\t<div class=\"elementor-element elementor-element-dbd6753 elementor-widget elementor-widget-text-editor\" data-id=\"dbd6753\" data-element_type=\"widget\" data-widget_type=\"text-editor.default\">\n\t\t\t\t<div class=\"elementor-widget-container\">\n\t\t\t\t\t\t\t\t\t<p>La soci\u00e9t\u00e9 ARROBA GANADERIA SL www.arrobaganaderia.com est un domaine Internet dont la propri\u00e9t\u00e9 appartient \u00e0 ARROBA GANADERIA SL<\/p>\n<p>Ce site Web et tout son contenu, y compris les textes, images, codes et tout autre mat\u00e9riel, sont la propri\u00e9t\u00e9 d&#8217;ARROBA GANADERIA SL ou de tiers qui ont autoris\u00e9 leur utilisation. L&#8217;utilisation du site attribue la condition d&#8217;utilisateur \u00e0 toute personne qui y acc\u00e8de et implique l&#8217;acceptation sans r\u00e9serve de ces conditions g\u00e9n\u00e9rales.<\/p>\n<p>L&#8217;utilisation du site attribue la condition d&#8217;utilisateur \u00e0 toute personne qui y acc\u00e8de et implique l&#8217;acceptation sans r\u00e9serve de ces conditions g\u00e9n\u00e9rales. De telle mani\u00e8re que sa reproduction, sa distribution et sa communication publique sont interdites sans l&#8217;autorisation expresse d&#8217;ARROBA GANADERIA SL<\/p>\n<p>Les pages de &nbsp;<span style=\"font-family: Roboto, sans-serif; font-size: 20px; font-style: normal; font-variant-ligatures: normal; font-variant-caps: normal; font-weight: 400;\">www.arrobaganaderia.com<\/span>&nbsp;Ils peuvent \u00eatre librement visit\u00e9s par les utilisateurs, \u00e0 l&#8217;exclusion de ceux qui se trouvent dans des zones ferm\u00e9es, ou qui n\u00e9cessitent une inscription dans un registre qui sera fait de la mani\u00e8re express\u00e9ment indiqu\u00e9e dans le service lui-m\u00eame ou dans les conditions particuli\u00e8res qui le r\u00e9gissent.<\/p>\n<p>L&#8217;utilisateur s&#8217;engage \u00e0 ne pas utiliser les services pour mener des activit\u00e9s contraires aux lois, aux bonnes m\u0153urs, \u00e0 l&#8217;ordre public et, d&#8217;une mani\u00e8re g\u00e9n\u00e9rale, \u00e0 en faire usage conform\u00e9ment aux pr\u00e9sentes conditions g\u00e9n\u00e9rales.<\/p>\n<p>ARROBA GANADERIA SL n&#8217;est pas responsable des dommages ou pertes directs ou indirects r\u00e9sultant de l&#8217;utilisation de ce site, et comprenait les dommages aux syst\u00e8mes informatiques, tout en se r\u00e9servant le droit de modifier le contenir affich\u00e9 \u00e0 tout moment.<\/p>\n\t\t\t\t\t\t\t\t<\/div>\n\t\t\t\t<\/div>\n\t\t\t\t\t<\/div>\n\t\t<\/div>\n\t\t\t\t\t<\/div>\n\t\t<\/section>\n\t\t\t\t<\/div>\n\t\t","protected":false},"excerpt":{"rendered":"<p>AVIS JURIDIQUE La soci\u00e9t\u00e9 ARROBA GANADERIA SL www.arrobaganaderia.com est un domaine Internet dont la propri\u00e9t\u00e9 appartient \u00e0 ARROBA GANADERIA SL Ce site Web et tout son contenu, y compris les textes, images, codes et tout autre mat\u00e9riel, sont la propri\u00e9t\u00e9 d&#8217;ARROBA GANADERIA SL ou de tiers qui ont autoris\u00e9 leur utilisation. L&#8217;utilisation du site attribue [&hellip;]<\/p>\n","protected":false},"author":1,"featured_media":0,"parent":0,"menu_order":0,"comment_status":"closed","ping_status":"closed","template":"","meta":{"ocean_post_layout":"","ocean_both_sidebars_style":"","ocean_both_sidebars_content_width":0,"ocean_both_sidebars_sidebars_width":0,"ocean_sidebar":"","ocean_second_sidebar":"","ocean_disable_margins":"enable","ocean_add_body_class":"","ocean_shortcode_before_top_bar":"","ocean_shortcode_after_top_bar":"","ocean_shortcode_before_header":"","ocean_shortcode_after_header":"","ocean_has_shortcode":"","ocean_shortcode_after_title":"","ocean_shortcode_before_footer_widgets":"","ocean_shortcode_after_footer_widgets":"","ocean_shortcode_before_footer_bottom":"","ocean_shortcode_after_footer_bottom":"","ocean_display_top_bar":"default","ocean_display_header":"default","ocean_header_style":"","ocean_center_header_left_menu":"","ocean_custom_header_template":"","ocean_custom_logo":0,"ocean_custom_retina_logo":0,"ocean_custom_logo_max_width":0,"ocean_custom_logo_tablet_max_width":0,"ocean_custom_logo_mobile_max_width":0,"ocean_custom_logo_max_height":0,"ocean_custom_logo_tablet_max_height":0,"ocean_custom_logo_mobile_max_height":0,"ocean_header_custom_menu":"","ocean_menu_typo_font_family":"","ocean_menu_typo_font_subset":"","ocean_menu_typo_font_size":0,"ocean_menu_typo_font_size_tablet":0,"ocean_menu_typo_font_size_mobile":0,"ocean_menu_typo_font_size_unit":"px","ocean_menu_typo_font_weight":"","ocean_menu_typo_font_weight_tablet":"","ocean_menu_typo_font_weight_mobile":"","ocean_menu_typo_transform":"","ocean_menu_typo_transform_tablet":"","ocean_menu_typo_transform_mobile":"","ocean_menu_typo_line_height":0,"ocean_menu_typo_line_height_tablet":0,"ocean_menu_typo_line_height_mobile":0,"ocean_menu_typo_line_height_unit":"","ocean_menu_typo_spacing":0,"ocean_menu_typo_spacing_tablet":0,"ocean_menu_typo_spacing_mobile":0,"ocean_menu_typo_spacing_unit":"","ocean_menu_link_color":"","ocean_menu_link_color_hover":"","ocean_menu_link_color_active":"","ocean_menu_link_background":"","ocean_menu_link_hover_background":"","ocean_menu_link_active_background":"","ocean_menu_social_links_bg":"","ocean_menu_social_hover_links_bg":"","ocean_menu_social_links_color":"","ocean_menu_social_hover_links_color":"","ocean_disable_title":"default","ocean_disable_heading":"default","ocean_post_title":"","ocean_post_subheading":"","ocean_post_title_style":"","ocean_post_title_background_color":"","ocean_post_title_background":0,"ocean_post_title_bg_image_position":"","ocean_post_title_bg_image_attachment":"","ocean_post_title_bg_image_repeat":"","ocean_post_title_bg_image_size":"","ocean_post_title_height":0,"ocean_post_title_bg_overlay":0.5,"ocean_post_title_bg_overlay_color":"","ocean_disable_breadcrumbs":"default","ocean_breadcrumbs_color":"","ocean_breadcrumbs_separator_color":"","ocean_breadcrumbs_links_color":"","ocean_breadcrumbs_links_hover_color":"","ocean_display_footer_widgets":"default","ocean_display_footer_bottom":"default","ocean_custom_footer_template":"","footnotes":""},"class_list":["post-1327","page","type-page","status-publish","hentry","entry"],"aioseo_notices":[],"_links":{"self":[{"href":"https:\/\/arrobaganaderia.com\/fr\/wp-json\/wp\/v2\/pages\/1327","targetHints":{"allow":["GET"]}}],"collection":[{"href":"https:\/\/arrobaganaderia.com\/fr\/wp-json\/wp\/v2\/pages"}],"about":[{"href":"https:\/\/arrobaganaderia.com\/fr\/wp-json\/wp\/v2\/types\/page"}],"author":[{"embeddable":true,"href":"https:\/\/arrobaganaderia.com\/fr\/wp-json\/wp\/v2\/users\/1"}],"replies":[{"embeddable":true,"href":"https:\/\/arrobaganaderia.com\/fr\/wp-json\/wp\/v2\/comments?post=1327"}],"version-history":[{"count":2,"href":"https:\/\/arrobaganaderia.com\/fr\/wp-json\/wp\/v2\/pages\/1327\/revisions"}],"predecessor-version":[{"id":1329,"href":"https:\/\/arrobaganaderia.com\/fr\/wp-json\/wp\/v2\/pages\/1327\/revisions\/1329"}],"wp:attachment":[{"href":"https:\/\/arrobaganaderia.com\/fr\/wp-json\/wp\/v2\/media?parent=1327"}],"curies":[{"name":"wp","href":"https:\/\/api.w.org\/{rel}","templated":true}]}}