{"id":1292,"date":"2020-02-28T22:49:59","date_gmt":"2020-02-28T22:49:59","guid":{"rendered":"http:\/\/arrobaganaderia.com\/histoire\/"},"modified":"2020-02-28T22:50:01","modified_gmt":"2020-02-28T22:50:01","slug":"histoire","status":"publish","type":"page","link":"https:\/\/arrobaganaderia.com\/fr\/histoire\/","title":{"rendered":"HISTOIRE"},"content":{"rendered":"\t\t<div data-elementor-type=\"wp-page\" data-elementor-id=\"1292\" class=\"elementor elementor-1292 elementor-139\" data-elementor-post-type=\"page\">\n\t\t\t\t\t\t<section class=\"elementor-section elementor-top-section elementor-element elementor-element-458edd7 elementor-section-stretched elementor-section-full_width elementor-section-height-default elementor-section-height-default\" data-id=\"458edd7\" data-element_type=\"section\" data-settings=\"{&quot;stretch_section&quot;:&quot;section-stretched&quot;,&quot;background_background&quot;:&quot;classic&quot;}\">\n\t\t\t\t\t\t\t<div class=\"elementor-background-overlay\"><\/div>\n\t\t\t\t\t\t\t<div class=\"elementor-container elementor-column-gap-default\">\n\t\t\t\t\t<div class=\"elementor-column elementor-col-100 elementor-top-column elementor-element elementor-element-1aa3cfd\" data-id=\"1aa3cfd\" data-element_type=\"column\" data-settings=\"{&quot;background_background&quot;:&quot;classic&quot;}\">\n\t\t\t<div class=\"elementor-widget-wrap\">\n\t\t\t\t\t\t\t<\/div>\n\t\t<\/div>\n\t\t\t\t\t<\/div>\n\t\t<\/section>\n\t\t\t\t<section class=\"elementor-section elementor-top-section elementor-element elementor-element-4792715 elementor-section-stretched elementor-section-boxed elementor-section-height-default elementor-section-height-default\" data-id=\"4792715\" data-element_type=\"section\" data-settings=\"{&quot;stretch_section&quot;:&quot;section-stretched&quot;,&quot;background_background&quot;:&quot;classic&quot;}\">\n\t\t\t\t\t\t<div class=\"elementor-container elementor-column-gap-default\">\n\t\t\t\t\t<div class=\"elementor-column elementor-col-100 elementor-top-column elementor-element elementor-element-162e60e\" data-id=\"162e60e\" data-element_type=\"column\">\n\t\t\t<div class=\"elementor-widget-wrap elementor-element-populated\">\n\t\t\t\t\t\t<div class=\"elementor-element elementor-element-30e49cc elementor-widget elementor-widget-text-editor\" data-id=\"30e49cc\" data-element_type=\"widget\" data-widget_type=\"text-editor.default\">\n\t\t\t\t<div class=\"elementor-widget-container\">\n\t\t\t\t\t\t\t\t\t<p>NOTRE HISTOIRE<\/p>\n\t\t\t\t\t\t\t\t<\/div>\n\t\t\t\t<\/div>\n\t\t\t\t\t<\/div>\n\t\t<\/div>\n\t\t\t\t\t<\/div>\n\t\t<\/section>\n\t\t\t\t<section class=\"elementor-section elementor-top-section elementor-element elementor-element-61652b7 elementor-section-boxed elementor-section-height-default elementor-section-height-default elementor-invisible\" data-id=\"61652b7\" data-element_type=\"section\" data-settings=\"{&quot;animation&quot;:&quot;fadeIn&quot;}\">\n\t\t\t\t\t\t<div class=\"elementor-container elementor-column-gap-default\">\n\t\t\t\t\t<div class=\"elementor-column elementor-col-100 elementor-top-column elementor-element elementor-element-7be9f06\" data-id=\"7be9f06\" data-element_type=\"column\">\n\t\t\t<div class=\"elementor-widget-wrap elementor-element-populated\">\n\t\t\t\t\t\t<div class=\"elementor-element elementor-element-c4a7fdb elementor-widget elementor-widget-text-editor\" data-id=\"c4a7fdb\" data-element_type=\"widget\" data-widget_type=\"text-editor.default\">\n\t\t\t\t<div class=\"elementor-widget-container\">\n\t\t\t\t\t\t\t\t\t<p>@Ganaderia est n\u00e9 en 1999, de la passion pour les chevaux d\u2019Alfred et Mila, l\u2019initiative visant \u00e0 l\u2019\u00e9levage de chevaux pour la haute comp\u00e9tition. \u00c0 cette fin, les juments PRE ont \u00e9t\u00e9 combin\u00e9es avec des \u00e9talons de race d\u2019Europe centrale et du Nord, pour combiner les qualit\u00e9s de chacun d\u2019eux. En outre, un plan de formation strict a \u00e9t\u00e9 cr\u00e9\u00e9, pour atteindre les plus hauts niveaux dans les comp\u00e9titions internationales. Cette combinaison s\u2019appelait <strong>Caballo de Deporte Espa\u00f1ol (CDE)<\/strong>, l\u2019un de ces exemplaires @Hierro, est devenu une composante de l\u2019\u00e9quipe espagnole de dressage classique.<\/p>\n\t\t\t\t\t\t\t\t<\/div>\n\t\t\t\t<\/div>\n\t\t\t\t\t<\/div>\n\t\t<\/div>\n\t\t\t\t\t<\/div>\n\t\t<\/section>\n\t\t\t\t<section class=\"elementor-section elementor-top-section elementor-element elementor-element-4abb30e elementor-section-boxed elementor-section-height-default elementor-section-height-default\" data-id=\"4abb30e\" data-element_type=\"section\">\n\t\t\t\t\t\t<div class=\"elementor-container elementor-column-gap-default\">\n\t\t\t\t\t<div class=\"elementor-column elementor-col-100 elementor-top-column elementor-element elementor-element-c9df3cb\" data-id=\"c9df3cb\" data-element_type=\"column\">\n\t\t\t<div class=\"elementor-widget-wrap elementor-element-populated\">\n\t\t\t\t\t\t<div class=\"elementor-element elementor-element-f792fee elementor-widget elementor-widget-text-editor\" data-id=\"f792fee\" data-element_type=\"widget\" data-widget_type=\"text-editor.default\">\n\t\t\t\t<div class=\"elementor-widget-container\">\n\t\t\t\t\t\t\t\t\t<p>Dans le m\u00eame temps, l\u2019\u00e9quipe Arroba a \u00e9t\u00e9 cr\u00e9\u00e9e : une \u00e9quipe con\u00e7ue pour autonomiser les meilleurs cavaliers espagnols dans les comp\u00e9titions internationales. Bient\u00f4t, les r\u00e9sultats ont commenc\u00e9 \u00e0 arriver avec l\u2019obtention d\u2019une m\u00e9daille par \u00e9quipe dans les Championnats d\u2019Europe.<\/p>\n\t\t\t\t\t\t\t\t<\/div>\n\t\t\t\t<\/div>\n\t\t\t\t\t<\/div>\n\t\t<\/div>\n\t\t\t\t\t<\/div>\n\t\t<\/section>\n\t\t\t\t<section class=\"elementor-section elementor-top-section elementor-element elementor-element-18e7254 elementor-section-boxed elementor-section-height-default elementor-section-height-default elementor-invisible\" data-id=\"18e7254\" data-element_type=\"section\" data-settings=\"{&quot;animation&quot;:&quot;fadeIn&quot;}\">\n\t\t\t\t\t\t<div class=\"elementor-container elementor-column-gap-default\">\n\t\t\t\t\t<div class=\"elementor-column elementor-col-100 elementor-top-column elementor-element elementor-element-36d13bd\" data-id=\"36d13bd\" data-element_type=\"column\">\n\t\t\t<div class=\"elementor-widget-wrap elementor-element-populated\">\n\t\t\t\t\t\t<div class=\"elementor-element elementor-element-cb05b7c elementor-widget elementor-widget-text-editor\" data-id=\"cb05b7c\" data-element_type=\"widget\" data-widget_type=\"text-editor.default\">\n\t\t\t\t<div class=\"elementor-widget-container\">\n\t\t\t\t\t\t\t\t\t<p>Afin d\u2019atteindre les deux objectifs ambitieux \u00e9nonc\u00e9s ci-dessus, l\u2019un des meilleur domaine \u00e9questre, appel\u00e9 CARE (High Equestrian Performance Centre), a \u00e9t\u00e9 con\u00e7u et construit afin que le binomial cavalier\/cheval puisse d\u00e9velopper des conditions optimales pour sa pr\u00e9paration \u00e0 la comp\u00e9tition.<\/p>\n\t\t\t\t\t\t\t\t<\/div>\n\t\t\t\t<\/div>\n\t\t\t\t\t<\/div>\n\t\t<\/div>\n\t\t\t\t\t<\/div>\n\t\t<\/section>\n\t\t\t\t<section class=\"elementor-section elementor-top-section elementor-element elementor-element-fcdc771 elementor-section-boxed elementor-section-height-default elementor-section-height-default elementor-invisible\" data-id=\"fcdc771\" data-element_type=\"section\" data-settings=\"{&quot;animation&quot;:&quot;fadeIn&quot;}\">\n\t\t\t\t\t\t<div class=\"elementor-container elementor-column-gap-default\">\n\t\t\t\t\t<div class=\"elementor-column elementor-col-100 elementor-top-column elementor-element elementor-element-a87d29d\" data-id=\"a87d29d\" data-element_type=\"column\">\n\t\t\t<div class=\"elementor-widget-wrap elementor-element-populated\">\n\t\t\t\t\t\t<div class=\"elementor-element elementor-element-ec933b7 elementor-widget elementor-widget-text-editor\" data-id=\"ec933b7\" data-element_type=\"widget\" data-widget_type=\"text-editor.default\">\n\t\t\t\t<div class=\"elementor-widget-container\">\n\t\t\t\t\t\t\t\t\t<p>La combinaison des 2 projets, Arroba Ganaderia et l&#8217;\u00e9quipe Arroba, a \u00e9t\u00e9 le d\u00e9but de ce que nous appelons aujourd&#8217;hui CARE. Ayant compl\u00e8tement chang\u00e9 le mod\u00e8le d\u2019affaires, notre mission est aujourd\u2019hui d\u2019offrir les meilleures installations \u00e9questres pour la haute comp\u00e9tition, dans un endroit imbattable.<\/p>\n\t\t\t\t\t\t\t\t<\/div>\n\t\t\t\t<\/div>\n\t\t\t\t\t<\/div>\n\t\t<\/div>\n\t\t\t\t\t<\/div>\n\t\t<\/section>\n\t\t\t\t<section class=\"elementor-section elementor-top-section elementor-element elementor-element-3c0b181 elementor-section-stretched elementor-section-boxed elementor-section-height-default elementor-section-height-default\" data-id=\"3c0b181\" data-element_type=\"section\" data-settings=\"{&quot;stretch_section&quot;:&quot;section-stretched&quot;,&quot;background_background&quot;:&quot;classic&quot;}\">\n\t\t\t\t\t\t<div class=\"elementor-container elementor-column-gap-default\">\n\t\t\t\t\t<div class=\"elementor-column elementor-col-100 elementor-top-column elementor-element elementor-element-5973d39\" data-id=\"5973d39\" data-element_type=\"column\">\n\t\t\t<div class=\"elementor-widget-wrap elementor-element-populated\">\n\t\t\t\t\t\t<div class=\"elementor-element elementor-element-60d1510 elementor-widget elementor-widget-text-editor\" data-id=\"60d1510\" data-element_type=\"widget\" data-widget_type=\"text-editor.default\">\n\t\t\t\t<div class=\"elementor-widget-container\">\n\t\t\t\t\t\t\t\t\t<p>L&#8217;ORIGINE DU LOGO ET NOM DE L&#8217;ECURIE<\/p>\n\t\t\t\t\t\t\t\t<\/div>\n\t\t\t\t<\/div>\n\t\t\t\t\t<\/div>\n\t\t<\/div>\n\t\t\t\t\t<\/div>\n\t\t<\/section>\n\t\t\t\t<section class=\"elementor-section elementor-top-section elementor-element elementor-element-5de54c3 elementor-section-boxed elementor-section-height-default elementor-section-height-default\" data-id=\"5de54c3\" data-element_type=\"section\">\n\t\t\t\t\t\t<div class=\"elementor-container elementor-column-gap-default\">\n\t\t\t\t\t<div class=\"elementor-column elementor-col-100 elementor-top-column elementor-element elementor-element-0da94a0\" data-id=\"0da94a0\" data-element_type=\"column\">\n\t\t\t<div class=\"elementor-widget-wrap elementor-element-populated\">\n\t\t\t\t\t\t<div class=\"elementor-element elementor-element-0776a4a elementor-widget elementor-widget-text-editor\" data-id=\"0776a4a\" data-element_type=\"widget\" data-widget_type=\"text-editor.default\">\n\t\t\t\t<div class=\"elementor-widget-container\">\n\t\t\t\t\t\t\t\t\t<p>Tous les livres qui existent \u00e0 cet \u00e9gard co\u00efncident sur un point, le nom et le fer de lance de l&#8217;\u00e9curie ou l&#8217;\u00e9levage sont li\u00e9s \u00e0 son origine. Soit par le nom de la ferme, un \u00e9l\u00e9ment singulier de celui-ci (arbre, rochers, chemins, sources, etc), le nom de l\u2019\u00e9leveur ou propri\u00e9taire, un \u00e9l\u00e9ment du bouclier h\u00e9raldique ou des armes de la famille, le nom du palfrenier, etc. L&#8217;ORIGINE, et c\u2019est \u00e7a qui est bien, parce que c\u2019est le point de d\u00e9part de la tradition. Comme dit je ne sais pas qui, fils de son \u00e9poque et h\u00e9ritage de son pass\u00e9.<\/p>\n\t\t\t\t\t\t\t\t<\/div>\n\t\t\t\t<\/div>\n\t\t\t\t\t<\/div>\n\t\t<\/div>\n\t\t\t\t\t<\/div>\n\t\t<\/section>\n\t\t\t\t<section class=\"elementor-section elementor-top-section elementor-element elementor-element-4bd0916 elementor-section-boxed elementor-section-height-default elementor-section-height-default\" data-id=\"4bd0916\" data-element_type=\"section\">\n\t\t\t\t\t\t<div class=\"elementor-container elementor-column-gap-default\">\n\t\t\t\t\t<div class=\"elementor-column elementor-col-100 elementor-top-column elementor-element elementor-element-67cc52e\" data-id=\"67cc52e\" data-element_type=\"column\">\n\t\t\t<div class=\"elementor-widget-wrap elementor-element-populated\">\n\t\t\t\t\t\t<div class=\"elementor-element elementor-element-31f1403 elementor-widget elementor-widget-text-editor\" data-id=\"31f1403\" data-element_type=\"widget\" data-widget_type=\"text-editor.default\">\n\t\t\t\t<div class=\"elementor-widget-container\">\n\t\t\t\t\t\t\t\t\t<p>La gen\u00e8se de cette \u00e9curie trouve son origine dans une id\u00e9e d\u2019entreprise qui a conduit \u00e0 un parc multim\u00e9dia. Rien de plus loin de la r\u00e9alit\u00e9 d&#8217;un \u00e9levage, pourtant il est bel et bien l\u00e0.<\/p>\n\t\t\t\t\t\t\t\t<\/div>\n\t\t\t\t<\/div>\n\t\t\t\t\t<\/div>\n\t\t<\/div>\n\t\t\t\t\t<\/div>\n\t\t<\/section>\n\t\t\t\t<section class=\"elementor-section elementor-top-section elementor-element elementor-element-c0d026c elementor-section-boxed elementor-section-height-default elementor-section-height-default\" data-id=\"c0d026c\" data-element_type=\"section\">\n\t\t\t\t\t\t<div class=\"elementor-container elementor-column-gap-default\">\n\t\t\t\t\t<div class=\"elementor-column elementor-col-100 elementor-top-column elementor-element elementor-element-881c35d\" data-id=\"881c35d\" data-element_type=\"column\">\n\t\t\t<div class=\"elementor-widget-wrap elementor-element-populated\">\n\t\t\t\t\t\t<div class=\"elementor-element elementor-element-a4151ef elementor-widget elementor-widget-text-editor\" data-id=\"a4151ef\" data-element_type=\"widget\" data-widget_type=\"text-editor.default\">\n\t\t\t\t<div class=\"elementor-widget-container\">\n\t\t\t\t\t\t\t\t\t<p>Il n\u2019y a un seul point commun \u00e0 ces deux mondes si diff\u00e9rents, l\u2019\u00e9levage et le multim\u00e9dia, et qui a \u00e9galement deux significations int\u00e9ressantes dans chaque monde: <strong>Arroba<\/strong>.<\/p>\n\t\t\t\t\t\t\t\t<\/div>\n\t\t\t\t<\/div>\n\t\t\t\t\t<\/div>\n\t\t<\/div>\n\t\t\t\t\t<\/div>\n\t\t<\/section>\n\t\t\t\t<section class=\"elementor-section elementor-top-section elementor-element elementor-element-7ffcdd3 elementor-section-boxed elementor-section-height-default elementor-section-height-default\" data-id=\"7ffcdd3\" data-element_type=\"section\">\n\t\t\t\t\t\t<div class=\"elementor-container elementor-column-gap-default\">\n\t\t\t\t\t<div class=\"elementor-column elementor-col-100 elementor-top-column elementor-element elementor-element-5b64d66\" data-id=\"5b64d66\" data-element_type=\"column\">\n\t\t\t<div class=\"elementor-widget-wrap elementor-element-populated\">\n\t\t\t\t\t\t<div class=\"elementor-element elementor-element-2ecc041 elementor-widget elementor-widget-text-editor\" data-id=\"2ecc041\" data-element_type=\"widget\" data-widget_type=\"text-editor.default\">\n\t\t\t\t<div class=\"elementor-widget-container\">\n\t\t\t\t\t\t\t\t\t<p>M\u00eame son \u00e9tymologie arabe co\u00efncide avec la g\u00e9n\u00e9alogie de la Pure Race Espagnole, un m\u00e9lange de cimarron ib\u00e9rique et d&#8217;un cheval arabe.<\/p>\n\t\t\t\t\t\t\t\t<\/div>\n\t\t\t\t<\/div>\n\t\t\t\t\t<\/div>\n\t\t<\/div>\n\t\t\t\t\t<\/div>\n\t\t<\/section>\n\t\t\t\t<section class=\"elementor-section elementor-top-section elementor-element elementor-element-1ccc599 elementor-section-boxed elementor-section-height-default elementor-section-height-default\" data-id=\"1ccc599\" data-element_type=\"section\">\n\t\t\t\t\t\t<div class=\"elementor-container elementor-column-gap-default\">\n\t\t\t\t\t<div class=\"elementor-column elementor-col-100 elementor-top-column elementor-element elementor-element-9857ccb\" data-id=\"9857ccb\" data-element_type=\"column\">\n\t\t\t<div class=\"elementor-widget-wrap elementor-element-populated\">\n\t\t\t\t\t\t<div class=\"elementor-element elementor-element-ace09e5 elementor-widget elementor-widget-text-editor\" data-id=\"ace09e5\" data-element_type=\"widget\" data-widget_type=\"text-editor.default\">\n\t\t\t\t<div class=\"elementor-widget-container\">\n\t\t\t\t\t\t\t\t\t<p>En ce qui concerne le sens num\u00e9rique, que pourrait-on dire que vous ne savez pas d\u00e9j\u00e0, symbole international, cl\u00e9 de communication, preuve d\u2019interactivit\u00e9 et symbole par excellence de la communication mondiale du prochain mill\u00e9naire. Jusqu\u2019\u00e0 pr\u00e9sent, il a fonctionn\u00e9 comme un signe s\u00e9parant l\u2019utilisateur du serveur de messagerie.<\/p>\n\t\t\t\t\t\t\t\t<\/div>\n\t\t\t\t<\/div>\n\t\t\t\t\t<\/div>\n\t\t<\/div>\n\t\t\t\t\t<\/div>\n\t\t<\/section>\n\t\t\t\t<section class=\"elementor-section elementor-top-section elementor-element elementor-element-bc711ed elementor-section-boxed elementor-section-height-default elementor-section-height-default\" data-id=\"bc711ed\" data-element_type=\"section\">\n\t\t\t\t\t\t<div class=\"elementor-container elementor-column-gap-default\">\n\t\t\t\t\t<div class=\"elementor-column elementor-col-100 elementor-top-column elementor-element elementor-element-e23b104\" data-id=\"e23b104\" data-element_type=\"column\">\n\t\t\t<div class=\"elementor-widget-wrap elementor-element-populated\">\n\t\t\t\t\t\t<div class=\"elementor-element elementor-element-ad09a5e elementor-widget elementor-widget-text-editor\" data-id=\"ad09a5e\" data-element_type=\"widget\" data-widget_type=\"text-editor.default\">\n\t\t\t\t<div class=\"elementor-widget-container\">\n\t\t\t\t\t\t\t\t\t<p>Il est \u00e9galement utilis\u00e9 sur Internet, dans les chats, comme une formule passe-partout parmi les internautes, et derni\u00e8rement, il est m\u00eame utilis\u00e9 pour indiquer le genre masculin et f\u00e9minin dans le monde virtuel.<\/p>\n\t\t\t\t\t\t\t\t<\/div>\n\t\t\t\t<\/div>\n\t\t\t\t\t<\/div>\n\t\t<\/div>\n\t\t\t\t\t<\/div>\n\t\t<\/section>\n\t\t\t\t<section class=\"elementor-section elementor-top-section elementor-element elementor-element-e6ab52d elementor-section-boxed elementor-section-height-default elementor-section-height-default\" data-id=\"e6ab52d\" data-element_type=\"section\">\n\t\t\t\t\t\t<div class=\"elementor-container elementor-column-gap-default\">\n\t\t\t\t\t<div class=\"elementor-column elementor-col-100 elementor-top-column elementor-element elementor-element-86204a8\" data-id=\"86204a8\" data-element_type=\"column\">\n\t\t\t<div class=\"elementor-widget-wrap elementor-element-populated\">\n\t\t\t\t\t\t<div class=\"elementor-element elementor-element-df4da77 elementor-widget elementor-widget-text-editor\" data-id=\"df4da77\" data-element_type=\"widget\" data-widget_type=\"text-editor.default\">\n\t\t\t\t<div class=\"elementor-widget-container\">\n\t\t\t\t\t\t\t\t\t<p style=\"text-align: center;\"><em>Sa valeur figurative est inestimable : @<\/em><\/p>\n\t\t\t\t\t\t\t\t<\/div>\n\t\t\t\t<\/div>\n\t\t\t\t\t<\/div>\n\t\t<\/div>\n\t\t\t\t\t<\/div>\n\t\t<\/section>\n\t\t\t\t<section class=\"elementor-section elementor-top-section elementor-element elementor-element-955f33a elementor-section-boxed elementor-section-height-default elementor-section-height-default\" data-id=\"955f33a\" data-element_type=\"section\">\n\t\t\t\t\t\t<div class=\"elementor-container elementor-column-gap-default\">\n\t\t\t\t\t<div class=\"elementor-column elementor-col-100 elementor-top-column elementor-element elementor-element-18029b7\" data-id=\"18029b7\" data-element_type=\"column\">\n\t\t\t<div class=\"elementor-widget-wrap elementor-element-populated\">\n\t\t\t\t\t\t<div class=\"elementor-element elementor-element-2a27014 elementor-widget elementor-widget-image\" data-id=\"2a27014\" data-element_type=\"widget\" data-widget_type=\"image.default\">\n\t\t\t\t<div class=\"elementor-widget-container\">\n\t\t\t\t\t\t\t\t\t\t\t\t\t\t\t<img fetchpriority=\"high\" decoding=\"async\" width=\"1024\" height=\"512\" src=\"https:\/\/arrobaganaderia.com\/wp-content\/uploads\/2019\/12\/Logo-roig-1024x512.png\" class=\"attachment-large size-large wp-image-1027\" alt=\"\" srcset=\"https:\/\/arrobaganaderia.com\/wp-content\/uploads\/2019\/12\/Logo-roig-1024x512.png 1024w, https:\/\/arrobaganaderia.com\/wp-content\/uploads\/2019\/12\/Logo-roig-300x150.png 300w, https:\/\/arrobaganaderia.com\/wp-content\/uploads\/2019\/12\/Logo-roig-768x384.png 768w, https:\/\/arrobaganaderia.com\/wp-content\/uploads\/2019\/12\/Logo-roig.png 1200w\" sizes=\"(max-width: 1024px) 100vw, 1024px\" \/>\t\t\t\t\t\t\t\t\t\t\t\t\t\t\t<\/div>\n\t\t\t\t<\/div>\n\t\t\t\t\t<\/div>\n\t\t<\/div>\n\t\t\t\t\t<\/div>\n\t\t<\/section>\n\t\t\t\t<\/div>\n\t\t","protected":false},"excerpt":{"rendered":"<p>NOTRE HISTOIRE @Ganaderia est n\u00e9 en 1999, de la passion pour les chevaux d\u2019Alfred et Mila, l\u2019initiative visant \u00e0 l\u2019\u00e9levage de chevaux pour la haute comp\u00e9tition. \u00c0 cette fin, les juments PRE ont \u00e9t\u00e9 combin\u00e9es avec des \u00e9talons de race d\u2019Europe centrale et du Nord, pour combiner les qualit\u00e9s de chacun d\u2019eux. En outre, un [&hellip;]<\/p>\n","protected":false},"author":1,"featured_media":0,"parent":0,"menu_order":0,"comment_status":"closed","ping_status":"closed","template":"","meta":{"ocean_post_layout":"","ocean_both_sidebars_style":"","ocean_both_sidebars_content_width":0,"ocean_both_sidebars_sidebars_width":0,"ocean_sidebar":"","ocean_second_sidebar":"","ocean_disable_margins":"enable","ocean_add_body_class":"","ocean_shortcode_before_top_bar":"","ocean_shortcode_after_top_bar":"","ocean_shortcode_before_header":"","ocean_shortcode_after_header":"","ocean_has_shortcode":"","ocean_shortcode_after_title":"","ocean_shortcode_before_footer_widgets":"","ocean_shortcode_after_footer_widgets":"","ocean_shortcode_before_footer_bottom":"","ocean_shortcode_after_footer_bottom":"","ocean_display_top_bar":"default","ocean_display_header":"default","ocean_header_style":"","ocean_center_header_left_menu":"","ocean_custom_header_template":"","ocean_custom_logo":0,"ocean_custom_retina_logo":0,"ocean_custom_logo_max_width":0,"ocean_custom_logo_tablet_max_width":0,"ocean_custom_logo_mobile_max_width":0,"ocean_custom_logo_max_height":0,"ocean_custom_logo_tablet_max_height":0,"ocean_custom_logo_mobile_max_height":0,"ocean_header_custom_menu":"","ocean_menu_typo_font_family":"","ocean_menu_typo_font_subset":"","ocean_menu_typo_font_size":0,"ocean_menu_typo_font_size_tablet":0,"ocean_menu_typo_font_size_mobile":0,"ocean_menu_typo_font_size_unit":"px","ocean_menu_typo_font_weight":"","ocean_menu_typo_font_weight_tablet":"","ocean_menu_typo_font_weight_mobile":"","ocean_menu_typo_transform":"","ocean_menu_typo_transform_tablet":"","ocean_menu_typo_transform_mobile":"","ocean_menu_typo_line_height":0,"ocean_menu_typo_line_height_tablet":0,"ocean_menu_typo_line_height_mobile":0,"ocean_menu_typo_line_height_unit":"","ocean_menu_typo_spacing":0,"ocean_menu_typo_spacing_tablet":0,"ocean_menu_typo_spacing_mobile":0,"ocean_menu_typo_spacing_unit":"","ocean_menu_link_color":"","ocean_menu_link_color_hover":"","ocean_menu_link_color_active":"","ocean_menu_link_background":"","ocean_menu_link_hover_background":"","ocean_menu_link_active_background":"","ocean_menu_social_links_bg":"","ocean_menu_social_hover_links_bg":"","ocean_menu_social_links_color":"","ocean_menu_social_hover_links_color":"","ocean_disable_title":"default","ocean_disable_heading":"default","ocean_post_title":"","ocean_post_subheading":"","ocean_post_title_style":"","ocean_post_title_background_color":"","ocean_post_title_background":0,"ocean_post_title_bg_image_position":"","ocean_post_title_bg_image_attachment":"","ocean_post_title_bg_image_repeat":"","ocean_post_title_bg_image_size":"","ocean_post_title_height":0,"ocean_post_title_bg_overlay":0.5,"ocean_post_title_bg_overlay_color":"","ocean_disable_breadcrumbs":"default","ocean_breadcrumbs_color":"","ocean_breadcrumbs_separator_color":"","ocean_breadcrumbs_links_color":"","ocean_breadcrumbs_links_hover_color":"","ocean_display_footer_widgets":"default","ocean_display_footer_bottom":"default","ocean_custom_footer_template":"","footnotes":""},"class_list":["post-1292","page","type-page","status-publish","hentry","entry"],"aioseo_notices":[],"_links":{"self":[{"href":"https:\/\/arrobaganaderia.com\/fr\/wp-json\/wp\/v2\/pages\/1292","targetHints":{"allow":["GET"]}}],"collection":[{"href":"https:\/\/arrobaganaderia.com\/fr\/wp-json\/wp\/v2\/pages"}],"about":[{"href":"https:\/\/arrobaganaderia.com\/fr\/wp-json\/wp\/v2\/types\/page"}],"author":[{"embeddable":true,"href":"https:\/\/arrobaganaderia.com\/fr\/wp-json\/wp\/v2\/users\/1"}],"replies":[{"embeddable":true,"href":"https:\/\/arrobaganaderia.com\/fr\/wp-json\/wp\/v2\/comments?post=1292"}],"version-history":[{"count":4,"href":"https:\/\/arrobaganaderia.com\/fr\/wp-json\/wp\/v2\/pages\/1292\/revisions"}],"predecessor-version":[{"id":1296,"href":"https:\/\/arrobaganaderia.com\/fr\/wp-json\/wp\/v2\/pages\/1292\/revisions\/1296"}],"wp:attachment":[{"href":"https:\/\/arrobaganaderia.com\/fr\/wp-json\/wp\/v2\/media?parent=1292"}],"curies":[{"name":"wp","href":"https:\/\/api.w.org\/{rel}","templated":true}]}}